{"id":8,"date":"2026-02-23T19:55:53","date_gmt":"2026-02-23T18:55:53","guid":{"rendered":"https:\/\/crseh.com\/az\/newsletter\/"},"modified":"2026-02-23T19:55:53","modified_gmt":"2026-02-23T18:55:53","slug":"newsletter","status":"publish","type":"page","link":"https:\/\/crseh.com\/az\/newsletter\/","title":{"rendered":"Newsletter"},"content":{"rendered":"<div class=\"newsletter-section\">\n        <div class=\"newsletter-plugin-form-wrapper newsletter-style-default\">\r\n            <form class=\"newsletter-plugin-form\" id=\"newsletter-plugin-form\" novalidate>\r\n\r\n                <!-- Champs cach\u00e9s techniques -->\r\n                <input type=\"hidden\" id=\"newsletter-captcha-token\" name=\"captcha_token\" value=\"xXStVw9B935aJe4UONyyXmIpYRG6RxSQ\">\r\n                <input type=\"hidden\" id=\"newsletter-form-token\"    name=\"form_token\"    value=\"4E7xa4AikDKebmjl\">\r\n\r\n                <!-- Champ honeypot (invisible pour les humains) -->\r\n                <div class=\"newsletter-honeypot\" aria-hidden=\"true\" style=\"position:absolute;left:-9999px;top:-9999px;opacity:0;height:0;overflow:hidden;\">\r\n                    <label for=\"newsletter-website\">Ne pas remplir ce champ<\/label>\r\n                    <input type=\"text\" id=\"newsletter-website\" name=\"website\" value=\"\" tabindex=\"-1\" autocomplete=\"off\">\r\n                <\/div>\r\n\r\n                <div class=\"newsletter-form-body\">\r\n\r\n                    <div class=\"newsletter-form-header\">\r\n                        <h3 class=\"newsletter-form-title\">\r\n                            B\u00fcltenimiz\u0259 abun\u0259 olun                        <\/h3>\r\n                        <p class=\"newsletter-form-subtitle\">\r\n                            X\u0259b\u0259rl\u0259ri, t\u0259klifl\u0259ri v\u0259 ekskl\u00fcziv m\u0259zmunu \u0259ld\u0259 edin                        <\/p>\r\n                    <\/div>\r\n\r\n                    <!-- Type d'abonnement -->\r\n                    <div class=\"newsletter-form-group newsletter-subscription-type\">\r\n                        <label class=\"newsletter-radio-label\">\r\n                            <input type=\"radio\" name=\"subscription_type\" value=\"all\" checked>\r\n                            <span>B\u00fct\u00fcn m\u0259lumatlar\u0131 \u0259ld\u0259 edin<\/span>\r\n                        <\/label>\r\n                        <label class=\"newsletter-radio-label\">\r\n                            <input type=\"radio\" name=\"subscription_type\" value=\"important\">\r\n                            <span>Yaln\u0131z \u0259n vacib m\u0259lumatlar\u0131 \u0259ld\u0259 edin<\/span>\r\n                        <\/label>\r\n                    <\/div>\r\n\r\n                    <!-- Nom et Pr\u00e9nom -->\r\n                    <div class=\"newsletter-form-row\">\r\n                        <div class=\"newsletter-form-group newsletter-form-col-2\">\r\n                            <label for=\"newsletter-last-name\">Soyad *<\/label>\r\n                            <input type=\"text\" id=\"newsletter-last-name\" name=\"last_name\" required autocomplete=\"family-name\">\r\n                        <\/div>\r\n                        <div class=\"newsletter-form-group newsletter-form-col-2\">\r\n                            <label for=\"newsletter-first-name\">Ad *<\/label>\r\n                            <input type=\"text\" id=\"newsletter-first-name\" name=\"first_name\" required autocomplete=\"given-name\">\r\n                        <\/div>\r\n                    <\/div>\r\n\r\n                    <!-- Email -->\r\n                    <div class=\"newsletter-form-group\">\r\n                        <label for=\"newsletter-email\">E-po\u00e7t \u00fcnvan\u0131 *<\/label>\r\n                        <input type=\"email\" id=\"newsletter-email\" name=\"email\" required autocomplete=\"email\">\r\n                    <\/div>\r\n\r\n                    <!-- Consentement RGPD -->\r\n                    <div class=\"newsletter-form-group newsletter-checkbox-group\">\r\n                        <label class=\"newsletter-checkbox-label\">\r\n                            <input type=\"checkbox\" name=\"consent\" value=\"1\" required>\r\n                            <span>M\u0259n b\u00fclteni e-po\u00e7t vasit\u0259sil\u0259 alma\u011fa raz\u0131yam v\u0259 HuViVe qrupunun istifad\u0259 \u015f\u0259rtl\u0259rini q\u0259bul edir\u0259m *<\/span>\r\n                        <\/label>\r\n                    <\/div>\r\n\r\n                    <!-- Alertes SMS (optionnel) -->\r\n                    <div class=\"newsletter-form-group newsletter-checkbox-group\">\r\n                        <label class=\"newsletter-checkbox-label\">\r\n                            <input type=\"checkbox\" name=\"sms_alerts\" value=\"1\" id=\"newsletter-sms-alerts\">\r\n                            <span>SMS bildiri\u015fl\u0259rini almaq ist\u0259yir\u0259m<\/span>\r\n                        <\/label>\r\n                    <\/div>\r\n\r\n                    <!-- T\u00e9l\u00e9phone (conditionnel) -->\r\n                    <div class=\"newsletter-form-group newsletter-phone-group\" style=\"display:none;\">\r\n                        <label for=\"newsletter-phone\">Telefon n\u00f6mr\u0259si (ist\u0259y\u0259 ba\u011fl\u0131)<\/label>\r\n                        <input type=\"tel\" id=\"newsletter-phone\" name=\"phone\" autocomplete=\"tel\">\r\n                    <\/div>\r\n\r\n                    <!-- CAPTCHA math\u00e9matique -->\r\n                    <div class=\"newsletter-form-group newsletter-captcha-group\">\r\n                        <label for=\"newsletter-captcha\">\r\n                            Z\u0259hm\u0259t olmasa, bu hesab\u0131 h\u0259ll edin:                            <strong id=\"newsletter-captcha-question\">8 + 4<\/strong> *\r\n                        <\/label>\r\n                        <div class=\"newsletter-captcha-input-wrapper\">\r\n                            <input type=\"number\" id=\"newsletter-captcha\" name=\"captcha_answer\" required min=\"-10\" max=\"20\">\r\n                            <button type=\"button\" class=\"newsletter-refresh-captcha\" title=\"Nouveau calcul\" aria-label=\"G\u00e9n\u00e9rer un nouveau calcul\">\r\n                                <svg width=\"16\" height=\"16\" viewBox=\"0 0 16 16\" fill=\"none\" aria-hidden=\"true\">\r\n                                    <path d=\"M13.65 2.35C12.2 0.9 10.21 0 8 0C3.58 0 0 3.58 0 8C0 12.42 3.58 16 8 16C11.73 16 14.84 13.45 15.73 10H13.65C12.83 12.33 10.61 14 8 14C4.69 14 2 11.31 2 8C2 4.69 4.69 2 8 2C9.66 2 11.14 2.69 12.22 3.78L9 7H16V0L13.65 2.35Z\" fill=\"currentColor\"\/>\r\n                                <\/svg>\r\n                            <\/button>\r\n                        <\/div>\r\n                    <\/div>\r\n\r\n                    <!-- Message d'erreur \/ succ\u00e8s -->\r\n                    <div class=\"newsletter-form-message\" role=\"alert\" aria-live=\"polite\" style=\"display:none;\"><\/div>\r\n\r\n                    <!-- Bouton de soumission -->\r\n                    <div class=\"newsletter-form-group\">\r\n                        <button type=\"submit\" class=\"newsletter-submit-btn\">\r\n                            <span class=\"newsletter-btn-text\">Sign up<\/span>\r\n                            <span class=\"newsletter-btn-loader\" style=\"display:none;\" aria-hidden=\"true\">\r\n                                <svg width=\"20\" height=\"20\" viewBox=\"0 0 20 20\">\r\n                                    <circle cx=\"10\" cy=\"10\" r=\"8\" stroke=\"currentColor\" stroke-width=\"2\" fill=\"none\" stroke-dasharray=\"50.265\" stroke-dashoffset=\"0\">\r\n                                        <animateTransform attributeName=\"transform\" type=\"rotate\" from=\"0 10 10\" to=\"360 10 10\" dur=\"1s\" repeatCount=\"indefinite\"\/>\r\n                                    <\/circle>\r\n                                <\/svg>\r\n                            <\/span>\r\n                        <\/button>\r\n                    <\/div>\r\n\r\n                    <!-- Texte de confidentialit\u00e9 RGPD -->\r\n                    <div class=\"newsletter-privacy-text\">\r\n                        <p>M\u0259lumatlar\u0131n\u0131z qorunur v\u0259 he\u00e7 bir halda sat\u0131lm\u0131r<\/p>\r\n                        <p>\u0130st\u0259nil\u0259n vaxt abun\u0259likd\u0259n \u00e7\u0131xa v\u0259 m\u0259lumatlar\u0131n\u0131z\u0131 sil\u0259 bil\u0259rsiniz<\/p>\r\n                    <\/div>\r\n\r\n                <\/div>\r\n            <\/form>\r\n        <\/div>\r\n        \n<\/div>\n","protected":false},"excerpt":{"rendered":"","protected":false},"author":1,"featured_media":0,"parent":0,"menu_order":0,"comment_status":"closed","ping_status":"closed","template":"","meta":{"footnotes":""},"class_list":["post-8","page","type-page","status-publish","hentry","entry"],"_links":{"self":[{"href":"https:\/\/crseh.com\/az\/wp-json\/wp\/v2\/pages\/8","targetHints":{"allow":["GET"]}}],"collection":[{"href":"https:\/\/crseh.com\/az\/wp-json\/wp\/v2\/pages"}],"about":[{"href":"https:\/\/crseh.com\/az\/wp-json\/wp\/v2\/types\/page"}],"author":[{"embeddable":true,"href":"https:\/\/crseh.com\/az\/wp-json\/wp\/v2\/users\/1"}],"replies":[{"embeddable":true,"href":"https:\/\/crseh.com\/az\/wp-json\/wp\/v2\/comments?post=8"}],"version-history":[{"count":0,"href":"https:\/\/crseh.com\/az\/wp-json\/wp\/v2\/pages\/8\/revisions"}],"wp:attachment":[{"href":"https:\/\/crseh.com\/az\/wp-json\/wp\/v2\/media?parent=8"}],"curies":[{"name":"wp","href":"https:\/\/api.w.org\/{rel}","templated":true}]}}