{"id":13,"date":"2026-02-23T19:55:36","date_gmt":"2026-02-23T18:55:36","guid":{"rendered":"https:\/\/crseh.com\/yo\/direction\/"},"modified":"2026-02-23T19:55:36","modified_gmt":"2026-02-23T18:55:36","slug":"direction","status":"publish","type":"page","link":"https:\/\/crseh.com\/yo\/direction\/","title":{"rendered":"Direction"},"content":{"rendered":"<div class=\"newsletter-section\">\n<div class=\"wlr-cf-wrapper wlr-cf-directeur_publication\"\r\n          data-form-type=\"directeur_publication\"\r\n     data-lang=\"yo\">\r\n\r\n    <!-- Message de retour (succ\u00e8s \/ erreur) -->\r\n    <div class=\"wlr-cf-response\" role=\"alert\" aria-live=\"polite\" aria-atomic=\"true\" style=\"display:none;\"><\/div>\r\n\r\n    <form\r\n        class=\"wlr-cf-form\"\r\n        id=\"wlr-form-directeur_publication-481\"\r\n        method=\"post\"\r\n        action=\"https:\/\/crseh.com\/yo\/wp-admin\/admin-ajax.php\"\r\n        novalidate\r\n        autocomplete=\"on\"\r\n    >\r\n        <!-- Champs cach\u00e9s obligatoires -->\r\n        <input type=\"hidden\" name=\"action\"    value=\"wlr_cf_submit\">\r\n        <input type=\"hidden\" name=\"form_type\" value=\"directeur_publication\">\r\n        <input type=\"hidden\" name=\"wlr_cf_nonce\" id=\"wlr-form-directeur_publication-481_nonce\"\r\n               value=\"8ffcc5959e\">\r\n\r\n        <div class=\"wlr-cf-hp\" aria-hidden=\"true\" tabindex=\"-1\" style=\"position:absolute;left:-9999px;width:1px;height:1px;overflow:hidden;\"><label for=\"wlr_c675b54b\">Ne pas remplir<\/label><input type=\"text\" id=\"wlr_c675b54b\" name=\"wlr_c675b54b\" value=\"\" autocomplete=\"off\" tabindex=\"-1\"><\/div><div class=\"wlr-cf-field wlr-cf-field--text\" data-field=\"nom\"><label for=\"wlr-form-directeur_publication-481_nom\">Or\u00fak\u1ecd k\u00edk\u00fan <span class=\"wlr-cf-required\" aria-hidden=\"true\">*<\/span><\/label><input type=\"text\" id=\"wlr-form-directeur_publication-481_nom\" name=\"nom\" placeholder=\"Or\u00fak\u1ecd \u00e0k\u1ecd\u0301k\u1ecd\u0301 \u00e0ti \u00ecd\u00edl\u00e9 r\u1eb9\" autocomplete=\"off\" required aria-required=\"true\" class=\"wlr-cf-input\"><span class=\"wlr-cf-field-error\" role=\"alert\" aria-live=\"polite\"><\/span><\/div><div class=\"wlr-cf-field wlr-cf-field--email\" data-field=\"email\"><label for=\"wlr-form-directeur_publication-481_email\">\u00c0d\u00edr\u1eb9\u0301s\u00ec \u00ecm\u00e9\u00e8l\u00ec <span class=\"wlr-cf-required\" aria-hidden=\"true\">*<\/span><\/label><input type=\"email\" id=\"wlr-form-directeur_publication-481_email\" name=\"email\" placeholder=\"iw\u1ecd@imeeli.com\" autocomplete=\"email\" required aria-required=\"true\" class=\"wlr-cf-input\"><span class=\"wlr-cf-field-error\" role=\"alert\" aria-live=\"polite\"><\/span><\/div><div class=\"wlr-cf-field wlr-cf-field--text\" data-field=\"organisation\"><label for=\"wlr-form-directeur_publication-481_organisation\">\u00c0j\u1ecd \/ Il\u00e9 \u00ecgb\u1ecd\u0300r\u1ecd\u0300\u1ecd\u0301r\u00f9n<\/label><input type=\"text\" id=\"wlr-form-directeur_publication-481_organisation\" name=\"organisation\" placeholder=\"Or\u00fak\u1ecd \u00e0j\u1ecd r\u1eb9\" autocomplete=\"off\" class=\"wlr-cf-input\"><small class=\"wlr-cf-help\">\u00c0\u1e63\u00e0y\u00e0n<\/small><span class=\"wlr-cf-field-error\" role=\"alert\" aria-live=\"polite\"><\/span><\/div><div class=\"wlr-cf-field wlr-cf-field--text\" data-field=\"sujet\"><label for=\"wlr-form-directeur_publication-481_sujet\">\u00c0k\u1ecdl\u00e9 <span class=\"wlr-cf-required\" aria-hidden=\"true\">*<\/span><\/label><input type=\"text\" id=\"wlr-form-directeur_publication-481_sujet\" name=\"sujet\" placeholder=\"K\u00edn\u00ed \u00ecr\u00f2y\u00ecn r\u1eb9 j\u1eb9\u0301 n\u00edpa\" autocomplete=\"off\" required aria-required=\"true\" class=\"wlr-cf-input\"><span class=\"wlr-cf-field-error\" role=\"alert\" aria-live=\"polite\"><\/span><\/div><div class=\"wlr-cf-field wlr-cf-field--textarea\" data-field=\"message\"><label for=\"wlr-form-directeur_publication-481_message\">\u00ccr\u00f2y\u00ecn <span class=\"wlr-cf-required\" aria-hidden=\"true\">*<\/span><\/label><textarea id=\"wlr-form-directeur_publication-481_message\" name=\"message\" placeholder=\"K\u1ecd \u00ecr\u00f2y\u00ecn r\u1eb9 s\u00edh\u00ecn\u2026\" rows=\"5\" required aria-required=\"true\" class=\"wlr-cf-input wlr-cf-textarea\"><\/textarea><span class=\"wlr-cf-field-error\" role=\"alert\" aria-live=\"polite\"><\/span><\/div><div class=\"wlr-cf-math-challenge\">\r\n                <label for=\"wlr_math_answer\">\u00ccj\u1eb9\u0301r\u00ec\u00eds\u00ed: <strong>6 + 4 = ?<\/strong><\/label>\r\n                <input type=\"number\" id=\"wlr_math_answer\" name=\"wlr_math_answer\"\r\n                       min=\"1\" max=\"18\" required autocomplete=\"off\"\r\n                       placeholder=\"\u00ccd\u00e1h\u00f9n r\u1eb9\" aria-required=\"true\">\r\n                <input type=\"hidden\" name=\"wlr_math_token\" value=\"8b1a069fe5cd07eb3b6087fc5a5d6315\">\r\n            <\/div>\r\n        <!-- Bouton d'envoi -->\r\n                <div class=\"wlr-cf-field wlr-cf-submit-wrap\">\r\n            <button type=\"submit\" class=\"wlr-cf-submit\">\r\n                <span class=\"wlr-cf-btn-label\">Fi r\u00e1n\u1e63\u1eb9\u0301<\/span>\r\n                <span class=\"wlr-cf-btn-spinner\" aria-hidden=\"true\" style=\"display:none;\"><\/span>\r\n            <\/button>\r\n        <\/div>\r\n\r\n    <\/form>\r\n\r\n    <!-- Mention RGPD -->\r\n    <p class=\"wlr-cf-rgpd-notice\">\r\n                \u00c0w\u1ecdn d\u00e1t\u00e0 t\u00ed a k\u00f3 j\u1ecd ni a \u0144 l\u00f2 f\u00fan \u00ect\u1ecd\u0301j\u00fa \u00ecb\u00e9\u00e8r\u00e8 r\u1eb9 n\u00eckan. J\u1ecdw\u1ecd wo        <a href=\"https:\/\/crseh.com\/yo\/privacy-policy\" target=\"_blank\" rel=\"noopener\">\u00ecl\u00e0n\u00e0 \u00e0\u1e63\u00edr\u00ed<\/a>.\r\n    <\/p>\r\n\r\n<\/div><!-- .wlr-cf-wrapper -->\r\n        \n<\/div>\n","protected":false},"excerpt":{"rendered":"","protected":false},"author":1,"featured_media":0,"parent":0,"menu_order":0,"comment_status":"closed","ping_status":"closed","template":"","meta":{"footnotes":""},"class_list":["post-13","page","type-page","status-publish","hentry","entry"],"_links":{"self":[{"href":"https:\/\/crseh.com\/yo\/wp-json\/wp\/v2\/pages\/13","targetHints":{"allow":["GET"]}}],"collection":[{"href":"https:\/\/crseh.com\/yo\/wp-json\/wp\/v2\/pages"}],"about":[{"href":"https:\/\/crseh.com\/yo\/wp-json\/wp\/v2\/types\/page"}],"author":[{"embeddable":true,"href":"https:\/\/crseh.com\/yo\/wp-json\/wp\/v2\/users\/1"}],"replies":[{"embeddable":true,"href":"https:\/\/crseh.com\/yo\/wp-json\/wp\/v2\/comments?post=13"}],"version-history":[{"count":0,"href":"https:\/\/crseh.com\/yo\/wp-json\/wp\/v2\/pages\/13\/revisions"}],"wp:attachment":[{"href":"https:\/\/crseh.com\/yo\/wp-json\/wp\/v2\/media?parent=13"}],"curies":[{"name":"wp","href":"https:\/\/api.w.org\/{rel}","templated":true}]}}